{"id":1556,"date":"2024-03-05T20:57:02","date_gmt":"2024-03-05T20:57:02","guid":{"rendered":"https:\/\/experiencemetis.ca\/?page_id=1556"},"modified":"2026-01-13T22:08:21","modified_gmt":"2026-01-13T22:08:21","slug":"about","status":"publish","type":"page","link":"https:\/\/experiencemetis.ca\/index.php\/about\/","title":{"rendered":"About"},"content":{"rendered":"\t\t<div data-elementor-type=\"wp-page\" data-elementor-id=\"1556\" class=\"elementor elementor-1556\" data-elementor-post-type=\"page\">\n\t\t\t\t<div class=\"elementor-element elementor-element-8e84680 e-con-full e-flex e-con e-parent\" data-id=\"8e84680\" data-element_type=\"container\" data-settings=\"{&quot;background_background&quot;:&quot;classic&quot;}\">\n\t\t<div class=\"elementor-element elementor-element-977e1b2 e-con-full e-flex e-con e-child\" data-id=\"977e1b2\" data-element_type=\"container\">\n\t\t\t\t<div class=\"elementor-element elementor-element-510ecc9 elementor-widget elementor-widget-heading\" data-id=\"510ecc9\" data-element_type=\"widget\" data-widget_type=\"heading.default\">\n\t\t\t\t<div class=\"elementor-widget-container\">\n\t\t\t\t\t<h3 class=\"elementor-heading-title elementor-size-default\"><a href=\"https:\/\/experiencemetis.ca\/index.php\/about-2\/\">Our Story And Our Team<\/a><\/h3>\t\t\t\t<\/div>\n\t\t\t\t<\/div>\n\t\t\t\t<div class=\"elementor-element elementor-element-e1a6104 elementor-widget elementor-widget-image\" data-id=\"e1a6104\" data-element_type=\"widget\" data-widget_type=\"image.default\">\n\t\t\t\t<div class=\"elementor-widget-container\">\n\t\t\t\t\t\t\t\t\t\t\t\t\t\t\t\t<a href=\"https:\/\/experiencemetis.ca\/index.php\/about-2\/\">\n\t\t\t\t\t\t\t<img fetchpriority=\"high\" decoding=\"async\" width=\"1024\" height=\"1024\" src=\"https:\/\/experiencemetis.ca\/wp-content\/uploads\/2024\/03\/Metis-Tent-And-City-Skyline.jpg\" class=\"attachment-large size-large wp-image-1584\" alt=\"Me\u0301tis Tent And City Skyline\" srcset=\"https:\/\/experiencemetis.ca\/wp-content\/uploads\/2024\/03\/Metis-Tent-And-City-Skyline.jpg 1024w, https:\/\/experiencemetis.ca\/wp-content\/uploads\/2024\/03\/Metis-Tent-And-City-Skyline-300x300.jpg 300w, https:\/\/experiencemetis.ca\/wp-content\/uploads\/2024\/03\/Metis-Tent-And-City-Skyline-150x150.jpg 150w, https:\/\/experiencemetis.ca\/wp-content\/uploads\/2024\/03\/Metis-Tent-And-City-Skyline-768x768.jpg 768w, https:\/\/experiencemetis.ca\/wp-content\/uploads\/2024\/03\/Metis-Tent-And-City-Skyline-400x400.jpg 400w, https:\/\/experiencemetis.ca\/wp-content\/uploads\/2024\/03\/Metis-Tent-And-City-Skyline-600x600.jpg 600w, https:\/\/experiencemetis.ca\/wp-content\/uploads\/2024\/03\/Metis-Tent-And-City-Skyline-100x100.jpg 100w\" sizes=\"(max-width: 1024px) 100vw, 1024px\" \/>\t\t\t\t\t\t\t\t<\/a>\n\t\t\t\t\t\t\t\t\t\t\t\t\t\t\t<\/div>\n\t\t\t\t<\/div>\n\t\t\t\t<div class=\"elementor-element elementor-element-7f8c7d9 elementor-widget elementor-widget-text-editor\" data-id=\"7f8c7d9\" data-element_type=\"widget\" data-widget_type=\"text-editor.default\">\n\t\t\t\t<div class=\"elementor-widget-container\">\n\t\t\t\t\t\t\t\t\t<p>Driven by a shared passion for M\u00e9tis heritage, we create a welcoming space for families, schools, and any community seeking connection to land-based teachings. Our cultivated network of culture keepers carry a wealth of personal experience in M\u00e9tis art, tools and clothing, medicine, lifeways and traditions. Learn more about us below!<\/p>\t\t\t\t\t\t\t\t<\/div>\n\t\t\t\t<\/div>\n\t\t\t\t<\/div>\n\t\t<div class=\"elementor-element elementor-element-4d3a023 e-con-full e-flex e-con e-child\" data-id=\"4d3a023\" data-element_type=\"container\">\n\t\t\t\t<div class=\"elementor-element elementor-element-75d9dba elementor-widget elementor-widget-heading\" data-id=\"75d9dba\" data-element_type=\"widget\" data-widget_type=\"heading.default\">\n\t\t\t\t<div class=\"elementor-widget-container\">\n\t\t\t\t\t<h3 class=\"elementor-heading-title elementor-size-default\"><a href=\"https:\/\/experiencemetis.ca\/index.php\/our-policies\/\">Our Policies<\/a><\/h3>\t\t\t\t<\/div>\n\t\t\t\t<\/div>\n\t\t\t\t<div class=\"elementor-element elementor-element-f18ab86 elementor-widget elementor-widget-text-editor\" data-id=\"f18ab86\" data-element_type=\"widget\" data-widget_type=\"text-editor.default\">\n\t\t\t\t<div class=\"elementor-widget-container\">\n\t\t\t\t\t\t\t\t\t<p><span style=\"color: var( --e-global-color-kadence6 ); letter-spacing: 0px; word-spacing: 0em;\">Everyone is welcome to attend workshops or book an experience with Experience M\u00e9tis. We are committed to creating a safe, respectful, and inclusive space where people of all backgrounds, identities, and lived experiences are treated with care and dignity. Teachings are shared in a spirit of respect for one another and the land. Perspectives that promote harm, hatred, or exclusion are not supported here.<a title=\"Our Policies\" href=\"https:\/\/experiencemetis.ca\/index.php\/our-policies\/\"> Click here to learn more.<\/a><\/span><\/p>\t\t\t\t\t\t\t\t<\/div>\n\t\t\t\t<\/div>\n\t\t\t\t<div class=\"elementor-element elementor-element-b0e6685 elementor-widget elementor-widget-image\" data-id=\"b0e6685\" data-element_type=\"widget\" data-widget_type=\"image.default\">\n\t\t\t\t<div class=\"elementor-widget-container\">\n\t\t\t\t\t\t\t\t\t\t\t\t\t\t\t<img decoding=\"async\" width=\"1024\" height=\"1024\" src=\"https:\/\/experiencemetis.ca\/wp-content\/uploads\/2024\/03\/Hand-Berries.jpg\" class=\"attachment-large size-large wp-image-1583\" alt=\"Hand &amp; Berries\" srcset=\"https:\/\/experiencemetis.ca\/wp-content\/uploads\/2024\/03\/Hand-Berries.jpg 1024w, https:\/\/experiencemetis.ca\/wp-content\/uploads\/2024\/03\/Hand-Berries-300x300.jpg 300w, https:\/\/experiencemetis.ca\/wp-content\/uploads\/2024\/03\/Hand-Berries-150x150.jpg 150w, https:\/\/experiencemetis.ca\/wp-content\/uploads\/2024\/03\/Hand-Berries-768x768.jpg 768w, https:\/\/experiencemetis.ca\/wp-content\/uploads\/2024\/03\/Hand-Berries-400x400.jpg 400w, https:\/\/experiencemetis.ca\/wp-content\/uploads\/2024\/03\/Hand-Berries-600x600.jpg 600w, https:\/\/experiencemetis.ca\/wp-content\/uploads\/2024\/03\/Hand-Berries-100x100.jpg 100w\" sizes=\"(max-width: 1024px) 100vw, 1024px\" \/>\t\t\t\t\t\t\t\t\t\t\t\t\t\t\t<\/div>\n\t\t\t\t<\/div>\n\t\t\t\t<\/div>\n\t\t\t\t<\/div>\n\t\t<div class=\"elementor-element elementor-element-6fa89808 e-flex e-con-boxed e-con e-parent\" data-id=\"6fa89808\" data-element_type=\"container\" data-settings=\"{&quot;background_background&quot;:&quot;classic&quot;}\">\n\t\t\t\t\t<div class=\"e-con-inner\">\n\t\t\t\t<div class=\"elementor-element elementor-element-c0ae4e7 elementor-widget elementor-widget-spacer\" data-id=\"c0ae4e7\" data-element_type=\"widget\" data-widget_type=\"spacer.default\">\n\t\t\t\t<div class=\"elementor-widget-container\">\n\t\t\t\t\t\t\t<div class=\"elementor-spacer\">\n\t\t\t<div class=\"elementor-spacer-inner\"><\/div>\n\t\t<\/div>\n\t\t\t\t\t\t<\/div>\n\t\t\t\t<\/div>\n\t\t\t\t<div class=\"elementor-element elementor-element-f87081e elementor-widget elementor-widget-image\" data-id=\"f87081e\" data-element_type=\"widget\" data-widget_type=\"image.default\">\n\t\t\t\t<div class=\"elementor-widget-container\">\n\t\t\t\t\t\t\t\t\t\t\t\t\t\t\t<img decoding=\"async\" width=\"300\" height=\"238\" src=\"https:\/\/experiencemetis.ca\/wp-content\/uploads\/2024\/02\/ExpMet-logo-outlines-2-300x238.png\" class=\"attachment-medium size-medium wp-image-1037\" alt=\"Experience M\u00e9tis Logo\" srcset=\"https:\/\/experiencemetis.ca\/wp-content\/uploads\/2024\/02\/ExpMet-logo-outlines-2-300x238.png 300w, https:\/\/experiencemetis.ca\/wp-content\/uploads\/2024\/02\/ExpMet-logo-outlines-2-768x608.png 768w, https:\/\/experiencemetis.ca\/wp-content\/uploads\/2024\/02\/ExpMet-logo-outlines-2-600x475.png 600w, https:\/\/experiencemetis.ca\/wp-content\/uploads\/2024\/02\/ExpMet-logo-outlines-2.png 938w\" sizes=\"(max-width: 300px) 100vw, 300px\" \/>\t\t\t\t\t\t\t\t\t\t\t\t\t\t\t<\/div>\n\t\t\t\t<\/div>\n\t\t\t\t<div class=\"elementor-element elementor-element-0474ad7 elementor-widget elementor-widget-heading\" data-id=\"0474ad7\" data-element_type=\"widget\" data-widget_type=\"heading.default\">\n\t\t\t\t<div class=\"elementor-widget-container\">\n\t\t\t\t\t<h2 class=\"elementor-heading-title elementor-size-default\">How It Started...<\/h2>\t\t\t\t<\/div>\n\t\t\t\t<\/div>\n\t\t\t\t<div class=\"elementor-element elementor-element-9bc6e12 elementor-widget elementor-widget-n-accordion\" data-id=\"9bc6e12\" data-element_type=\"widget\" data-settings=\"{&quot;default_state&quot;:&quot;expanded&quot;,&quot;max_items_expended&quot;:&quot;one&quot;,&quot;n_accordion_animation_duration&quot;:{&quot;unit&quot;:&quot;ms&quot;,&quot;size&quot;:400,&quot;sizes&quot;:[]}}\" data-widget_type=\"nested-accordion.default\">\n\t\t\t\t<div class=\"elementor-widget-container\">\n\t\t\t\t\t\t\t<div class=\"e-n-accordion\" aria-label=\"Accordion. Open links with Enter or Space, close with Escape, and navigate with Arrow Keys\">\n\t\t\t\t\t\t<details id=\"e-n-accordion-item-1630\" class=\"e-n-accordion-item\" open>\n\t\t\t\t<summary class=\"e-n-accordion-item-title\" data-accordion-index=\"1\" tabindex=\"0\" aria-expanded=\"true\" aria-controls=\"e-n-accordion-item-1630\" >\n\t\t\t\t\t<span class='e-n-accordion-item-title-header'><div class=\"e-n-accordion-item-title-text\"> Quality, Authentic Connections To M\u00e9tis Traditions <\/div><\/span>\n\t\t\t\t\t\t\t<span class='e-n-accordion-item-title-icon'>\n\t\t\t<span class='e-opened' ><svg aria-hidden=\"true\" class=\"e-font-icon-svg e-fas-minus\" viewBox=\"0 0 448 512\" xmlns=\"http:\/\/www.w3.org\/2000\/svg\"><path d=\"M416 208H32c-17.67 0-32 14.33-32 32v32c0 17.67 14.33 32 32 32h384c17.67 0 32-14.33 32-32v-32c0-17.67-14.33-32-32-32z\"><\/path><\/svg><\/span>\n\t\t\t<span class='e-closed'><svg aria-hidden=\"true\" class=\"e-font-icon-svg e-fas-plus\" viewBox=\"0 0 448 512\" xmlns=\"http:\/\/www.w3.org\/2000\/svg\"><path d=\"M416 208H272V64c0-17.67-14.33-32-32-32h-32c-17.67 0-32 14.33-32 32v144H32c-17.67 0-32 14.33-32 32v32c0 17.67 14.33 32 32 32h144v144c0 17.67 14.33 32 32 32h32c17.67 0 32-14.33 32-32V304h144c17.67 0 32-14.33 32-32v-32c0-17.67-14.33-32-32-32z\"><\/path><\/svg><\/span>\n\t\t<\/span>\n\n\t\t\t\t\t\t<\/summary>\n\t\t\t\t<div role=\"region\" aria-labelledby=\"e-n-accordion-item-1630\" class=\"elementor-element elementor-element-1df3706 e-con-full e-flex e-con e-child\" data-id=\"1df3706\" data-element_type=\"container\">\n\t\t\t\t<div class=\"elementor-element elementor-element-fb449be elementor-widget elementor-widget-text-editor\" data-id=\"fb449be\" data-element_type=\"widget\" data-widget_type=\"text-editor.default\">\n\t\t\t\t<div class=\"elementor-widget-container\">\n\t\t\t\t\t\t\t\t\t<p data-start=\"111\" data-end=\"751\"><strong>Experience M\u00e9tis began as a shared dream to support reconnection to M\u00e9tis culture, land-relationship, and community.<\/strong><\/p>\n<p data-start=\"111\" data-end=\"751\">Through land-based teachings, mentorship, and collaboration, we bring together M\u00e9tis knowledge holders, families, and the wider public in ways that honour responsible stewardship, intergenerational learning, and holistic well-being. We work to remove barriers for M\u00e9tis people to access cultural teachings, while also welcoming non-M\u00e9tis participants in ways that foster respect and cultural appreciation. Our vision is to grow a living community of M\u00e9tis culture teachers on land that is accessible, welcoming, and shared in good ways.<\/p>\t\t\t\t\t\t\t\t<\/div>\n\t\t\t\t<\/div>\n\t\t\t\t<\/div>\n\t\t\t\t\t<\/details>\n\t\t\t\t\t<\/div>\n\t\t\t\t\t\t<\/div>\n\t\t\t\t<\/div>\n\t\t\t\t\t<\/div>\n\t\t\t\t<\/div>\n\t\t<div class=\"elementor-element elementor-element-240c599 e-flex e-con-boxed e-con e-parent\" data-id=\"240c599\" data-element_type=\"container\">\n\t\t\t\t\t<div class=\"e-con-inner\">\n\t\t\t\t<div class=\"elementor-element elementor-element-09e4ecc elementor-widget elementor-widget-spacer\" data-id=\"09e4ecc\" data-element_type=\"widget\" data-widget_type=\"spacer.default\">\n\t\t\t\t<div class=\"elementor-widget-container\">\n\t\t\t\t\t\t\t<div class=\"elementor-spacer\">\n\t\t\t<div class=\"elementor-spacer-inner\"><\/div>\n\t\t<\/div>\n\t\t\t\t\t\t<\/div>\n\t\t\t\t<\/div>\n\t\t\t\t\t<\/div>\n\t\t\t\t<\/div>\n\t\t\t\t<\/div>\n\t\t","protected":false},"excerpt":{"rendered":"<p>Our Story And Our Team Driven by a shared passion for M\u00e9tis heritage, we create a welcoming space for families, schools, and any community seeking connection to land-based teachings. Our cultivated network of culture keepers carry a wealth of personal experience in M\u00e9tis art, tools and clothing, medicine, lifeways and traditions. Learn more about us&#8230;<\/p>\n","protected":false},"author":1,"featured_media":0,"parent":0,"menu_order":0,"comment_status":"closed","ping_status":"closed","template":"elementor_header_footer","meta":{"om_disable_all_campaigns":false,"_monsterinsights_skip_tracking":false,"_monsterinsights_sitenote_active":false,"_monsterinsights_sitenote_note":"","_monsterinsights_sitenote_category":0,"_kad_post_transparent":"","_kad_post_title":"hide","_kad_post_layout":"fullwidth","_kad_post_sidebar_id":"","_kad_post_content_style":"unboxed","_kad_post_vertical_padding":"hide","_kad_post_feature":"hide","_kad_post_feature_position":"","_kad_post_header":false,"_kad_post_footer":false,"footnotes":""},"class_list":["post-1556","page","type-page","status-publish","hentry"],"aioseo_notices":[],"_links":{"self":[{"href":"https:\/\/experiencemetis.ca\/index.php\/wp-json\/wp\/v2\/pages\/1556","targetHints":{"allow":["GET"]}}],"collection":[{"href":"https:\/\/experiencemetis.ca\/index.php\/wp-json\/wp\/v2\/pages"}],"about":[{"href":"https:\/\/experiencemetis.ca\/index.php\/wp-json\/wp\/v2\/types\/page"}],"author":[{"embeddable":true,"href":"https:\/\/experiencemetis.ca\/index.php\/wp-json\/wp\/v2\/users\/1"}],"replies":[{"embeddable":true,"href":"https:\/\/experiencemetis.ca\/index.php\/wp-json\/wp\/v2\/comments?post=1556"}],"version-history":[{"count":91,"href":"https:\/\/experiencemetis.ca\/index.php\/wp-json\/wp\/v2\/pages\/1556\/revisions"}],"predecessor-version":[{"id":2691,"href":"https:\/\/experiencemetis.ca\/index.php\/wp-json\/wp\/v2\/pages\/1556\/revisions\/2691"}],"wp:attachment":[{"href":"https:\/\/experiencemetis.ca\/index.php\/wp-json\/wp\/v2\/media?parent=1556"}],"curies":[{"name":"wp","href":"https:\/\/api.w.org\/{rel}","templated":true}]}}