{"id":1487,"date":"2024-03-05T19:54:27","date_gmt":"2024-03-05T19:54:27","guid":{"rendered":"https:\/\/experiencemetis.ca\/?page_id=1487"},"modified":"2025-05-08T20:45:55","modified_gmt":"2025-05-08T19:45:55","slug":"corporate-lunch","status":"publish","type":"page","link":"https:\/\/experiencemetis.ca\/index.php\/corporate-lunch\/","title":{"rendered":"Corporate Lunch"},"content":{"rendered":"\t\t<div data-elementor-type=\"wp-page\" data-elementor-id=\"1487\" class=\"elementor elementor-1487\" data-elementor-post-type=\"page\">\n\t\t\t\t<div class=\"elementor-element elementor-element-ab4e013 e-flex e-con-boxed e-con e-parent\" data-id=\"ab4e013\" data-element_type=\"container\">\n\t\t\t\t\t<div class=\"e-con-inner\">\n\t\t<div class=\"elementor-element elementor-element-550e45a e-flex e-con-boxed e-con e-child\" data-id=\"550e45a\" data-element_type=\"container\">\n\t\t\t\t\t<div class=\"e-con-inner\">\n\t\t\t\t<div class=\"elementor-element elementor-element-07fff7f elementor-widget elementor-widget-spacer\" data-id=\"07fff7f\" data-element_type=\"widget\" data-widget_type=\"spacer.default\">\n\t\t\t\t<div class=\"elementor-widget-container\">\n\t\t\t\t\t\t\t<div class=\"elementor-spacer\">\n\t\t\t<div class=\"elementor-spacer-inner\"><\/div>\n\t\t<\/div>\n\t\t\t\t\t\t<\/div>\n\t\t\t\t<\/div>\n\t\t\t\t<div class=\"elementor-element elementor-element-8c5d33b elementor-widget elementor-widget-heading\" data-id=\"8c5d33b\" data-element_type=\"widget\" data-widget_type=\"heading.default\">\n\t\t\t\t<div class=\"elementor-widget-container\">\n\t\t\t\t\t<h2 class=\"elementor-heading-title elementor-size-default\">Corporate Lunch And Learns<\/h2>\t\t\t\t<\/div>\n\t\t\t\t<\/div>\n\t\t\t\t\t<\/div>\n\t\t\t\t<\/div>\n\t\t\t\t\t<\/div>\n\t\t\t\t<\/div>\n\t\t<div class=\"elementor-element elementor-element-3b67e59 e-con-full e-flex e-con e-parent\" data-id=\"3b67e59\" data-element_type=\"container\">\n\t\t<div class=\"elementor-element elementor-element-3a6f7f1 e-con-full e-flex e-con e-child\" data-id=\"3a6f7f1\" data-element_type=\"container\">\n\t\t<div class=\"elementor-element elementor-element-3e4de06 e-con-full e-flex e-con e-child\" data-id=\"3e4de06\" data-element_type=\"container\">\n\t\t\t\t<div class=\"elementor-element elementor-element-3518026 elementor-cta--skin-classic elementor-animated-content elementor-widget elementor-widget-call-to-action\" data-id=\"3518026\" data-element_type=\"widget\" data-widget_type=\"call-to-action.default\">\n\t\t\t\t<div class=\"elementor-widget-container\">\n\t\t\t\t\t\t\t<div class=\"elementor-cta\">\n\t\t\t\t\t<div class=\"elementor-cta__bg-wrapper\">\n\t\t\t\t<div class=\"elementor-cta__bg elementor-bg\" style=\"background-image: url(https:\/\/experiencemetis.ca\/wp-content\/uploads\/2024\/03\/Sharing-Knowledge-And-Experience-scaled-e1709882171219.jpg);\" role=\"img\" aria-label=\"Sharing Knowledge And Experience\"><\/div>\n\t\t\t\t<div class=\"elementor-cta__bg-overlay\"><\/div>\n\t\t\t<\/div>\n\t\t\t\t\t\t\t\t<\/div>\n\t\t\t\t\t\t<\/div>\n\t\t\t\t<\/div>\n\t\t\t\t<\/div>\n\t\t<div class=\"elementor-element elementor-element-667a48d e-con-full e-flex e-con e-child\" data-id=\"667a48d\" data-element_type=\"container\" data-settings=\"{&quot;background_background&quot;:&quot;classic&quot;}\">\n\t\t\t\t<div class=\"elementor-element elementor-element-b1b5d6e elementor-widget elementor-widget-heading\" data-id=\"b1b5d6e\" data-element_type=\"widget\" data-widget_type=\"heading.default\">\n\t\t\t\t<div class=\"elementor-widget-container\">\n\t\t\t\t\t<h2 class=\"elementor-heading-title elementor-size-default\">Is your organization ready to take meaningful steps toward Truth and Reconciliation? <\/h2>\t\t\t\t<\/div>\n\t\t\t\t<\/div>\n\t\t\t\t<div class=\"elementor-element elementor-element-d4adb1e elementor-widget elementor-widget-text-editor\" data-id=\"d4adb1e\" data-element_type=\"widget\" data-widget_type=\"text-editor.default\">\n\t\t\t\t<div class=\"elementor-widget-container\">\n\t\t\t\t\t\t\t\t\t<h4>Let\u2019s work together to turn commitment into action.<\/h4>\t\t\t\t\t\t\t\t<\/div>\n\t\t\t\t<\/div>\n\t\t\t\t<div class=\"elementor-element elementor-element-7f039e5 elementor-widget elementor-widget-text-editor\" data-id=\"7f039e5\" data-element_type=\"widget\" data-widget_type=\"text-editor.default\">\n\t\t\t\t<div class=\"elementor-widget-container\">\n\t\t\t\t\t\t\t\t\t<p class=\"\" data-start=\"0\" data-end=\"207\">We\u2019d be honored to bring our experience to your staff or community group. Share your goals with us, and together we\u2019ll explore how we can support your journey toward learning, reconciliation, and connection.<\/p>\n<p class=\"\" data-start=\"209\" data-end=\"597\">Through personal family stories of resilience and beauty, we offer insight into what keeps M\u00e9tis culture vibrant today. Together, we can explore meaningful questions such as: Where do the M\u00e9tis fit within the three Indigenous groups of Canada? How do M\u00e9tis communities shape the cultural landscape of Alberta? And how can reconciliation begin\u2014or continue\u2014in your organization or community?<\/p>\n<p class=\"\" data-start=\"599\" data-end=\"801\">Bring your curiosity, your openness, and even your difficult questions. We\u2019re here to walk beside you as we build understanding and work together toward a more respectful, inclusive, and hopeful future.<\/p>\t\t\t\t\t\t\t\t<\/div>\n\t\t\t\t<\/div>\n\t\t\t\t<div class=\"elementor-element elementor-element-b089deb elementor-widget elementor-widget-spacer\" data-id=\"b089deb\" data-element_type=\"widget\" data-widget_type=\"spacer.default\">\n\t\t\t\t<div class=\"elementor-widget-container\">\n\t\t\t\t\t\t\t<div class=\"elementor-spacer\">\n\t\t\t<div class=\"elementor-spacer-inner\"><\/div>\n\t\t<\/div>\n\t\t\t\t\t\t<\/div>\n\t\t\t\t<\/div>\n\t\t\t\t<div class=\"elementor-element elementor-element-5e13c74 elementor-widget__width-initial elementor-mobile-align-center elementor-widget-mobile__width-inherit elementor-align-center elementor-widget elementor-widget-button\" data-id=\"5e13c74\" data-element_type=\"widget\" data-settings=\"{&quot;_animation&quot;:&quot;none&quot;}\" data-widget_type=\"button.default\">\n\t\t\t\t<div class=\"elementor-widget-container\">\n\t\t\t\t\t\t\t\t\t<div class=\"elementor-button-wrapper\">\n\t\t\t\t\t<a class=\"elementor-button elementor-button-link elementor-size-sm\" href=\"https:\/\/experiencemetis.ca\/index.php\/book-now\/\">\n\t\t\t\t\t\t<span class=\"elementor-button-content-wrapper\">\n\t\t\t\t\t\t\t\t\t<span class=\"elementor-button-text\">Book Now<\/span>\n\t\t\t\t\t<\/span>\n\t\t\t\t\t<\/a>\n\t\t\t\t<\/div>\n\t\t\t\t\t\t\t\t<\/div>\n\t\t\t\t<\/div>\n\t\t\t\t<\/div>\n\t\t\t\t<\/div>\n\t\t\t\t<\/div>\n\t\t<div class=\"elementor-element elementor-element-8b322fc e-flex e-con-boxed e-con e-child\" data-id=\"8b322fc\" data-element_type=\"container\">\n\t\t\t\t\t<div class=\"e-con-inner\">\n\t\t\t\t<div class=\"elementor-element elementor-element-5a4f60b elementor-widget elementor-widget-spacer\" data-id=\"5a4f60b\" data-element_type=\"widget\" data-widget_type=\"spacer.default\">\n\t\t\t\t<div class=\"elementor-widget-container\">\n\t\t\t\t\t\t\t<div class=\"elementor-spacer\">\n\t\t\t<div class=\"elementor-spacer-inner\"><\/div>\n\t\t<\/div>\n\t\t\t\t\t\t<\/div>\n\t\t\t\t<\/div>\n\t\t\t\t<div class=\"elementor-element elementor-element-b15744c elementor-widget elementor-widget-heading\" data-id=\"b15744c\" data-element_type=\"widget\" data-widget_type=\"heading.default\">\n\t\t\t\t<div class=\"elementor-widget-container\">\n\t\t\t\t\t<h2 class=\"elementor-heading-title elementor-size-default\">Costs And Payment Details<\/h2>\t\t\t\t<\/div>\n\t\t\t\t<\/div>\n\t\t\t\t<div class=\"elementor-element elementor-element-875e42d elementor-widget elementor-widget-n-accordion\" data-id=\"875e42d\" data-element_type=\"widget\" data-settings=\"{&quot;default_state&quot;:&quot;all_collapsed&quot;,&quot;max_items_expended&quot;:&quot;one&quot;,&quot;n_accordion_animation_duration&quot;:{&quot;unit&quot;:&quot;ms&quot;,&quot;size&quot;:400,&quot;sizes&quot;:[]}}\" data-widget_type=\"nested-accordion.default\">\n\t\t\t\t<div class=\"elementor-widget-container\">\n\t\t\t\t\t\t\t<div class=\"e-n-accordion\" aria-label=\"Accordion. Open links with Enter or Space, close with Escape, and navigate with Arrow Keys\">\n\t\t\t\t\t\t<details id=\"e-n-accordion-item-1410\" class=\"e-n-accordion-item\" >\n\t\t\t\t<summary class=\"e-n-accordion-item-title\" data-accordion-index=\"1\" tabindex=\"0\" aria-expanded=\"false\" aria-controls=\"e-n-accordion-item-1410\" >\n\t\t\t\t\t<span class='e-n-accordion-item-title-header'><div class=\"e-n-accordion-item-title-text\"> Costs and Payment Details <\/div><\/span>\n\t\t\t\t\t\t\t<span class='e-n-accordion-item-title-icon'>\n\t\t\t<span class='e-opened' ><svg aria-hidden=\"true\" class=\"e-font-icon-svg e-fas-minus\" viewBox=\"0 0 448 512\" xmlns=\"http:\/\/www.w3.org\/2000\/svg\"><path d=\"M416 208H32c-17.67 0-32 14.33-32 32v32c0 17.67 14.33 32 32 32h384c17.67 0 32-14.33 32-32v-32c0-17.67-14.33-32-32-32z\"><\/path><\/svg><\/span>\n\t\t\t<span class='e-closed'><svg aria-hidden=\"true\" class=\"e-font-icon-svg e-fas-plus\" viewBox=\"0 0 448 512\" xmlns=\"http:\/\/www.w3.org\/2000\/svg\"><path d=\"M416 208H272V64c0-17.67-14.33-32-32-32h-32c-17.67 0-32 14.33-32 32v144H32c-17.67 0-32 14.33-32 32v32c0 17.67 14.33 32 32 32h144v144c0 17.67 14.33 32 32 32h32c17.67 0 32-14.33 32-32V304h144c17.67 0 32-14.33 32-32v-32c0-17.67-14.33-32-32-32z\"><\/path><\/svg><\/span>\n\t\t<\/span>\n\n\t\t\t\t\t\t<\/summary>\n\t\t\t\t<div role=\"region\" aria-labelledby=\"e-n-accordion-item-1410\" class=\"elementor-element elementor-element-3d282a1 e-con-full e-flex e-con e-child\" data-id=\"3d282a1\" data-element_type=\"container\">\n\t\t\t\t<div class=\"elementor-element elementor-element-a186ea3 elementor-widget elementor-widget-text-editor\" data-id=\"a186ea3\" data-element_type=\"widget\" data-widget_type=\"text-editor.default\">\n\t\t\t\t<div class=\"elementor-widget-container\">\n\t\t\t\t\t\t\t\t\t<p>Our fees vary based on the number of attendees, location, required resources, and the type of experience you\u2019re seeking.\u00a0<\/p><p>To begin the booking process, please click the &#8220;Book Now&#8221; button to submit your request.\u00a0<\/p><p>We look forward to creating a memorable experience with you.<\/p>\t\t\t\t\t\t\t\t<\/div>\n\t\t\t\t<\/div>\n\t\t\t\t<\/div>\n\t\t\t\t\t<\/details>\n\t\t\t\t\t<\/div>\n\t\t\t\t\t\t<\/div>\n\t\t\t\t<\/div>\n\t\t\t\t<div class=\"elementor-element elementor-element-eff825a elementor-widget__width-initial elementor-mobile-align-center elementor-widget-mobile__width-inherit elementor-widget elementor-widget-button\" data-id=\"eff825a\" data-element_type=\"widget\" data-settings=\"{&quot;_animation&quot;:&quot;none&quot;}\" data-widget_type=\"button.default\">\n\t\t\t\t<div class=\"elementor-widget-container\">\n\t\t\t\t\t\t\t\t\t<div class=\"elementor-button-wrapper\">\n\t\t\t\t\t<a class=\"elementor-button elementor-button-link elementor-size-sm\" href=\"https:\/\/experiencemetis.ca\/index.php\/book-now\/\">\n\t\t\t\t\t\t<span class=\"elementor-button-content-wrapper\">\n\t\t\t\t\t\t\t\t\t<span class=\"elementor-button-text\">Book Now<\/span>\n\t\t\t\t\t<\/span>\n\t\t\t\t\t<\/a>\n\t\t\t\t<\/div>\n\t\t\t\t\t\t\t\t<\/div>\n\t\t\t\t<\/div>\n\t\t\t\t<div class=\"elementor-element elementor-element-5f9e1d0 elementor-widget elementor-widget-spacer\" data-id=\"5f9e1d0\" data-element_type=\"widget\" data-widget_type=\"spacer.default\">\n\t\t\t\t<div class=\"elementor-widget-container\">\n\t\t\t\t\t\t\t<div class=\"elementor-spacer\">\n\t\t\t<div class=\"elementor-spacer-inner\"><\/div>\n\t\t<\/div>\n\t\t\t\t\t\t<\/div>\n\t\t\t\t<\/div>\n\t\t\t\t\t<\/div>\n\t\t\t\t<\/div>\n\t\t<div class=\"elementor-element elementor-element-d4787f1 e-flex e-con-boxed e-con e-parent\" data-id=\"d4787f1\" data-element_type=\"container\">\n\t\t\t\t\t<div class=\"e-con-inner\">\n\t\t\t\t<div class=\"elementor-element elementor-element-b46e742 elementor-widget elementor-widget-text-editor\" data-id=\"b46e742\" data-element_type=\"widget\" data-widget_type=\"text-editor.default\">\n\t\t\t\t<div class=\"elementor-widget-container\">\n\t\t\t\t\t\t\t\t\t<img fetchpriority=\"high\" decoding=\"async\" class=\"size-medium wp-image-1037\" src=\"http:\/\/experiencemetis.ca\/wp-content\/uploads\/2024\/02\/ExpMet-logo-outlines-2-300x238.png\" alt=\"Experience M\u00e9tis Logo\" width=\"300\" height=\"238\" srcset=\"https:\/\/experiencemetis.ca\/wp-content\/uploads\/2024\/02\/ExpMet-logo-outlines-2-300x238.png 300w, https:\/\/experiencemetis.ca\/wp-content\/uploads\/2024\/02\/ExpMet-logo-outlines-2-768x608.png 768w, https:\/\/experiencemetis.ca\/wp-content\/uploads\/2024\/02\/ExpMet-logo-outlines-2-600x475.png 600w, https:\/\/experiencemetis.ca\/wp-content\/uploads\/2024\/02\/ExpMet-logo-outlines-2.png 938w\" sizes=\"(max-width: 300px) 100vw, 300px\" \/>\n\nTaanishi! Welcome to the Experience M\u00e9tis community.\n\nWe&#8217;re thrilled to have you on board and look forward to sharing our passion for Awareness, Education, and Reconnection with you. In our newsletter, you&#8217;ll find a curated selection of articles, tips, and resources designed to restore an authentic Indigenous connection with ourselves and our ancestors by revitalizing interest in M\u00e9tis culture, lifeways, and community. We&#8217;re committed to providing valuable content that enriches your understanding, knowledge, and appreciation of our history.\n\nFeel free to explore our website at <a href=\"http:\/\/experiencemetis.ca\">experiencemetis.ca<\/a> for more insights, and don&#8217;t hesitate to reach out if you have any questions or suggestions. Your feedback is invaluable to us as we strive to make your experience with Experience M\u00e9tis exceptional.\n\nThank you once again for joining us. We&#8217;re excited to embark on this journey together!\n\nMaarsii,\n\nThe Experience M\u00e9tis Team\t\t\t\t\t\t\t\t<\/div>\n\t\t\t\t<\/div>\n\t\t\t\t\t<\/div>\n\t\t\t\t<\/div>\n\t\t<div class=\"elementor-element elementor-element-cee2863 e-flex e-con-boxed e-con e-parent\" data-id=\"cee2863\" data-element_type=\"container\">\n\t\t\t\t\t<div class=\"e-con-inner\">\n\t\t\t\t<div class=\"elementor-element elementor-element-ed5f893 elementor-widget elementor-widget-text-editor\" data-id=\"ed5f893\" data-element_type=\"widget\" data-widget_type=\"text-editor.default\">\n\t\t\t\t<div class=\"elementor-widget-container\">\n\t\t\t\t\t\t\t\t\t<img fetchpriority=\"high\" decoding=\"async\" class=\"size-medium wp-image-1037\" src=\"http:\/\/experiencemetis.ca\/wp-content\/uploads\/2024\/02\/ExpMet-logo-outlines-2-300x238.png\" alt=\"Experience M\u00e9tis Logo\" width=\"300\" height=\"238\" srcset=\"https:\/\/experiencemetis.ca\/wp-content\/uploads\/2024\/02\/ExpMet-logo-outlines-2-300x238.png 300w, https:\/\/experiencemetis.ca\/wp-content\/uploads\/2024\/02\/ExpMet-logo-outlines-2-768x608.png 768w, https:\/\/experiencemetis.ca\/wp-content\/uploads\/2024\/02\/ExpMet-logo-outlines-2-600x475.png 600w, https:\/\/experiencemetis.ca\/wp-content\/uploads\/2024\/02\/ExpMet-logo-outlines-2.png 938w\" sizes=\"(max-width: 300px) 100vw, 300px\" \/>\n<p style=\"margin-bottom: var(--global-md-spacing); color: #3651ae;\">Taanishi! Welcome to the Experience M\u00e9tis community.<\/p>\n<p style=\"margin-bottom: var(--global-md-spacing); color: #3651ae;\">We&#8217;re thrilled to have you on board and look forward to sharing our passion for Awareness, Education, and Reconnection with you. In our newsletter, you&#8217;ll find a curated selection of articles, tips, and resources designed to restore an authentic Indigenous connection with ourselves and our ancestors by revitalizing interest in M\u00e9tis culture, lifeways, and community. We&#8217;re committed to providing valuable content that enriches your understanding, knowledge, and appreciation of our history.<\/p>\n<p style=\"margin-bottom: var(--global-md-spacing); color: #3651ae;\">Feel free to explore our website at\u00a0<a href=\"http:\/\/experiencemetis.ca\/\">experiencemetis.ca<\/a>\u00a0for more insights, and don&#8217;t hesitate to reach out if you have any questions or suggestions. Your feedback is invaluable to us as we strive to make your experience with Experience M\u00e9tis exceptional.<\/p>\n<p style=\"margin-bottom: var(--global-md-spacing); color: #3651ae;\">Thank you once again for joining us. We&#8217;re excited to embark on this journey together!<\/p>\n<p style=\"margin-bottom: var(--global-md-spacing); color: #3651ae;\">Maarsii,<\/p>\n<p style=\"color: #3651ae;\">The Experience M\u00e9tis Team<\/p>\t\t\t\t\t\t\t\t<\/div>\n\t\t\t\t<\/div>\n\t\t\t\t\t<\/div>\n\t\t\t\t<\/div>\n\t\t\t\t<\/div>\n\t\t","protected":false},"excerpt":{"rendered":"<p>Corporate Lunch And Learns Is your organization ready to take meaningful steps toward Truth and Reconciliation? Let\u2019s work together to turn commitment into action. We\u2019d be honored to bring our experience to your staff or community group. Share your goals with us, and together we\u2019ll explore how we can support your journey toward learning, reconciliation,&#8230;<\/p>\n","protected":false},"author":1,"featured_media":0,"parent":0,"menu_order":0,"comment_status":"closed","ping_status":"closed","template":"","meta":{"om_disable_all_campaigns":false,"_monsterinsights_skip_tracking":false,"_monsterinsights_sitenote_active":false,"_monsterinsights_sitenote_note":"","_monsterinsights_sitenote_category":0,"_kad_post_transparent":"","_kad_post_title":"hide","_kad_post_layout":"fullwidth","_kad_post_sidebar_id":"","_kad_post_content_style":"unboxed","_kad_post_vertical_padding":"hide","_kad_post_feature":"hide","_kad_post_feature_position":"","_kad_post_header":false,"_kad_post_footer":false,"footnotes":""},"class_list":["post-1487","page","type-page","status-publish","hentry"],"aioseo_notices":[],"_links":{"self":[{"href":"https:\/\/experiencemetis.ca\/index.php\/wp-json\/wp\/v2\/pages\/1487","targetHints":{"allow":["GET"]}}],"collection":[{"href":"https:\/\/experiencemetis.ca\/index.php\/wp-json\/wp\/v2\/pages"}],"about":[{"href":"https:\/\/experiencemetis.ca\/index.php\/wp-json\/wp\/v2\/types\/page"}],"author":[{"embeddable":true,"href":"https:\/\/experiencemetis.ca\/index.php\/wp-json\/wp\/v2\/users\/1"}],"replies":[{"embeddable":true,"href":"https:\/\/experiencemetis.ca\/index.php\/wp-json\/wp\/v2\/comments?post=1487"}],"version-history":[{"count":67,"href":"https:\/\/experiencemetis.ca\/index.php\/wp-json\/wp\/v2\/pages\/1487\/revisions"}],"predecessor-version":[{"id":2673,"href":"https:\/\/experiencemetis.ca\/index.php\/wp-json\/wp\/v2\/pages\/1487\/revisions\/2673"}],"wp:attachment":[{"href":"https:\/\/experiencemetis.ca\/index.php\/wp-json\/wp\/v2\/media?parent=1487"}],"curies":[{"name":"wp","href":"https:\/\/api.w.org\/{rel}","templated":true}]}}